{"id":59,"date":"2024-10-22T23:53:17","date_gmt":"2024-10-22T23:53:17","guid":{"rendered":"https:\/\/ccpjunin.pe\/ecommerce\/?post_type=product&#038;p=59"},"modified":"2024-10-31T14:43:20","modified_gmt":"2024-10-31T14:43:20","slug":"excel-para-contadores-nivel-basico","status":"publish","type":"product","link":"https:\/\/ccpjunin.pe\/ecommerce\/?product=excel-para-contadores-nivel-basico","title":{"rendered":"Excel para Contadores (Nivel B\u00e1sico)"},"content":{"rendered":"<h3 class=\"tw-px-1.6 tw-py-1.2 tw-font-body4 tw-align-middle\"><strong>\u00bfQu\u00e9 aprender\u00e1s en este curso de Excel para contadores?<\/strong><\/h3>\n<ul>\n<li class=\"tw-px-1.6 tw-py-1.2 tw-font-body4 tw-align-middle\">Repasar\u00e1s cu\u00e1les son los estados financieros b\u00e1sicos y revisar\u00e1s casos de administraci\u00f3n del ciclo operativo.<\/li>\n<\/ul>\n<p><strong>Temas:<\/strong><\/p>\n<ul>\n<li>M\u00f3dulo I: Introducci\u00f3n y repaso general de temas b\u00e1sicos\n<ul>\n<li>Formato condicional<\/li>\n<li>Crear y Administrar Reglas<\/li>\n<li>Validaci\u00f3n de datos<\/li>\n<li>Listas desplegables<\/li>\n<\/ul>\n<\/li>\n<li>M\u00f3dulo II: Utilizaci\u00f3n de f\u00f3rmulas\n<ul>\n<li>F\u00f3rmulas L\u00f3gicas<\/li>\n<li>F\u00f3rmulas de Texto<\/li>\n<li>F\u00f3rmulas de Fecha y Hora<\/li>\n<\/ul>\n<\/li>\n<li>M\u00f3dulo III: F\u00f3rmulas buscar\n<ul>\n<li>Buscar<\/li>\n<li>Buscar H<\/li>\n<li>Buscar V<\/li>\n<li>Buscar X<\/li>\n<\/ul>\n<\/li>\n<\/ul>\n","protected":false},"excerpt":{"rendered":"<p><strong>Excel para Contadores (B\u00e1sico)<\/strong><\/p>\n<h3 class=\"tw-px-1.6 tw-py-1.2 tw-font-body4 tw-align-middle\"><strong>\u00bfQu\u00e9 aprender\u00e1s en este curso de Excel para contadores?<\/strong><\/h3>\n<ul>\n<li class=\"tw-px-1.6 tw-py-1.2 tw-font-body4 tw-align-middle\">Repasar\u00e1s cu\u00e1les son los estados financieros b\u00e1sicos y revisar\u00e1s casos de administraci\u00f3n del ciclo operativo.<\/li>\n<\/ul>\n","protected":false},"featured_media":60,"comment_status":"open","ping_status":"closed","template":"","meta":[],"product_brand":[],"product_cat":[17],"product_tag":[],"class_list":{"0":"post-59","1":"product","2":"type-product","3":"status-publish","4":"has-post-thumbnail","6":"product_cat-excel","8":"first","9":"instock","10":"virtual","11":"sold-individually","12":"taxable","13":"purchasable","14":"product-type-simple"},"_links":{"self":[{"href":"https:\/\/ccpjunin.pe\/ecommerce\/index.php?rest_route=\/wp\/v2\/product\/59"}],"collection":[{"href":"https:\/\/ccpjunin.pe\/ecommerce\/index.php?rest_route=\/wp\/v2\/product"}],"about":[{"href":"https:\/\/ccpjunin.pe\/ecommerce\/index.php?rest_route=\/wp\/v2\/types\/product"}],"replies":[{"embeddable":true,"href":"https:\/\/ccpjunin.pe\/ecommerce\/index.php?rest_route=%2Fwp%2Fv2%2Fcomments&post=59"}],"wp:featuredmedia":[{"embeddable":true,"href":"https:\/\/ccpjunin.pe\/ecommerce\/index.php?rest_route=\/wp\/v2\/media\/60"}],"wp:attachment":[{"href":"https:\/\/ccpjunin.pe\/ecommerce\/index.php?rest_route=%2Fwp%2Fv2%2Fmedia&parent=59"}],"wp:term":[{"taxonomy":"product_brand","embeddable":true,"href":"https:\/\/ccpjunin.pe\/ecommerce\/index.php?rest_route=%2Fwp%2Fv2%2Fproduct_brand&post=59"},{"taxonomy":"product_cat","embeddable":true,"href":"https:\/\/ccpjunin.pe\/ecommerce\/index.php?rest_route=%2Fwp%2Fv2%2Fproduct_cat&post=59"},{"taxonomy":"product_tag","embeddable":true,"href":"https:\/\/ccpjunin.pe\/ecommerce\/index.php?rest_route=%2Fwp%2Fv2%2Fproduct_tag&post=59"}],"curies":[{"name":"wp","href":"https:\/\/api.w.org\/{rel}","templated":true}]}}